{"id":138,"date":"2025-09-08T23:43:46","date_gmt":"2025-09-08T23:43:46","guid":{"rendered":"https:\/\/pruebalafreskura.com\/?page_id=138"},"modified":"2025-09-08T23:52:12","modified_gmt":"2025-09-08T23:52:12","slug":"contact-us","status":"publish","type":"page","link":"https:\/\/pruebalafreskura.com\/?page_id=138","title":{"rendered":"Contact Us"},"content":{"rendered":"<p>[et_pb_section fb_built=&#8221;1&#8243; _builder_version=&#8221;4.27.4&#8243; _module_preset=&#8221;default&#8221; use_background_color_gradient=&#8221;on&#8221; background_color_gradient_stops=&#8221;rgba(0,0,0,0.57) 1%|rgba(0,0,0,0.2) 100%&#8221; background_color_gradient_overlays_image=&#8221;on&#8221; background_image=&#8221;https:\/\/pruebalafreskura.com\/wp-content\/uploads\/2025\/09\/Freskura-Contact-Us-Header.jpg&#8221; height=&#8221;650px&#8221; global_colors_info=&#8221;{}&#8221;][et_pb_row _builder_version=&#8221;4.27.4&#8243; _module_preset=&#8221;default&#8221; custom_margin=&#8221;150px|auto||auto||&#8221; global_colors_info=&#8221;{}&#8221;][et_pb_column type=&#8221;4_4&#8243; _builder_version=&#8221;4.27.4&#8243; _module_preset=&#8221;default&#8221; global_colors_info=&#8221;{}&#8221;][et_pb_text _builder_version=&#8221;4.27.4&#8243; _module_preset=&#8221;default&#8221; header_font=&#8221;ABeeZee||||||||&#8221; header_text_color=&#8221;#FFFFFF&#8221; header_font_size=&#8221;36px&#8221; global_colors_info=&#8221;{}&#8221;]<\/p>\n<h1 style=\"text-align: center;\">Welcome to <strong>Freskura Customer Care<\/strong><\/h1>\n<p>[\/et_pb_text][et_pb_text _builder_version=&#8221;4.27.4&#8243; _module_preset=&#8221;default&#8221; text_font=&#8221;ABeeZee||||||||&#8221; text_text_color=&#8221;#FFFFFF&#8221; text_font_size=&#8221;21px&#8221; global_colors_info=&#8221;{}&#8221;]<\/p>\n<p style=\"text-align: center;\">Get In Touch with Us<\/p>\n<p style=\"text-align: center;\"><strong><span style=\"color: #ffffff;\"><a href=\"tel:973-458-9399\" style=\"color: #ffffff;\">(973)458-9399 or visit us <\/a><a href=\"https:\/\/www.google.com\/maps\/place\/Gromex+inc\/@40.8624895,-74.1177452,15z\/data=!4m2!3m1!1s0x0:0x73f14e030a9505?sa=X&amp;ved=2ahUKEwjfz5yqwPGDAxUNLFkFHSXzCAgQ_BJ6BAgXEAA\" style=\"color: #ffffff;\">43 1st Street, Passaic, NJ 07055<\/a><\/span><\/strong><\/p>\n<p>[\/et_pb_text][\/et_pb_column][\/et_pb_row][\/et_pb_section][et_pb_section fb_built=&#8221;1&#8243; fullwidth=&#8221;on&#8221; theme_builder_area=&#8221;post_content&#8221; _builder_version=&#8221;4.27.4&#8243; _module_preset=&#8221;default&#8221;][et_pb_fullwidth_code _builder_version=&#8221;4.27.4&#8243; _module_preset=&#8221;default&#8221; theme_builder_area=&#8221;post_content&#8221; hover_enabled=&#8221;0&#8243; sticky_enabled=&#8221;0&#8243;]<iframe src=\"https:\/\/www.google.com\/maps\/embed?pb=!1m18!1m12!1m3!1d6034.850434516448!2d-74.1177204!3d40.86254170000001!2m3!1f0!2f0!3f0!3m2!1i1024!2i768!4f13.1!3m3!1m2!1s0x89c2f9317ec6e8fb%3A0x73f14e030a9505!2sGromex%20inc!5e0!3m2!1sen!2sus!4v1757375504807!5m2!1sen!2sus\" width=\"100%\" height=\"450\" style=\"border:0;\" allowfullscreen=\"\" loading=\"lazy\" referrerpolicy=\"no-referrer-when-downgrade\"><\/iframe>[\/et_pb_fullwidth_code][\/et_pb_section][et_pb_section fb_built=&#8221;1&#8243; _builder_version=&#8221;4.27.4&#8243; _module_preset=&#8221;default&#8221; background_color=&#8221;#31ad57&#8243; min_height=&#8221;320px&#8221; global_module=&#8221;76&#8243; global_colors_info=&#8221;{}&#8221;][et_pb_row column_structure=&#8221;1_3,1_3,1_3&#8243; _builder_version=&#8221;4.27.4&#8243; _module_preset=&#8221;default&#8221; border_width_bottom=&#8221;1px&#8221; border_color_bottom=&#8221;rgba(255,255,255,0.27)&#8221; global_colors_info=&#8221;{}&#8221;][et_pb_column type=&#8221;1_3&#8243; _builder_version=&#8221;4.27.4&#8243; _module_preset=&#8221;default&#8221; global_colors_info=&#8221;{}&#8221;][et_pb_text _builder_version=&#8221;4.27.4&#8243; _module_preset=&#8221;default&#8221; header_font=&#8221;Poppins||||||||&#8221; header_text_color=&#8221;#FFFFFF&#8221; header_font_size=&#8221;21px&#8221; custom_margin=&#8221;16px||19px|||&#8221; global_colors_info=&#8221;{}&#8221;]<\/p>\n<h1>Phone<\/h1>\n<p>[\/et_pb_text][et_pb_text _builder_version=&#8221;4.27.4&#8243; _module_preset=&#8221;default&#8221; header_6_font=&#8221;Poppins|300|||||||&#8221; global_colors_info=&#8221;{}&#8221;]<\/p>\n<h6><span style=\"color: #ffffff;\"><a href=\"tel:973-458-9399\" style=\"color: #ffffff;\">(973) 458-9399<\/a><\/span><\/h6>\n<p>[\/et_pb_text][\/et_pb_column][et_pb_column type=&#8221;1_3&#8243; _builder_version=&#8221;4.27.4&#8243; _module_preset=&#8221;default&#8221; global_colors_info=&#8221;{}&#8221;][et_pb_text _builder_version=&#8221;4.27.4&#8243; _module_preset=&#8221;default&#8221; header_font=&#8221;Poppins||||||||&#8221; header_text_color=&#8221;#FFFFFF&#8221; header_font_size=&#8221;21px&#8221; custom_margin=&#8221;16px||19px|||&#8221; global_colors_info=&#8221;{}&#8221;]<\/p>\n<h1>Email<\/h1>\n<p>[\/et_pb_text][et_pb_text _builder_version=&#8221;4.27.4&#8243; _module_preset=&#8221;default&#8221; text_font=&#8221;Poppins|300|||||||&#8221; text_text_color=&#8221;#FFFFFF&#8221; global_colors_info=&#8221;{}&#8221;]<\/p>\n<p>info@pruebalafreskura.com<\/p>\n<p>[\/et_pb_text][\/et_pb_column][et_pb_column type=&#8221;1_3&#8243; _builder_version=&#8221;4.27.4&#8243; _module_preset=&#8221;default&#8221; global_colors_info=&#8221;{}&#8221;][et_pb_text _builder_version=&#8221;4.27.4&#8243; _module_preset=&#8221;default&#8221; header_font=&#8221;Poppins||||||||&#8221; header_text_color=&#8221;#FFFFFF&#8221; header_font_size=&#8221;21px&#8221; custom_margin=&#8221;16px||19px|||&#8221; global_colors_info=&#8221;{}&#8221;]<\/p>\n<h1>Address<\/h1>\n<p>[\/et_pb_text][et_pb_text _builder_version=&#8221;4.27.4&#8243; _module_preset=&#8221;default&#8221; text_font=&#8221;Poppins|300|||||||&#8221; text_text_color=&#8221;#FFFFFF&#8221; global_colors_info=&#8221;{}&#8221;]<\/p>\n<p><span style=\"color: #ffffff;\"><a href=\"https:\/\/www.google.com\/maps\/place\/Gromex+inc\/@40.8624895,-74.1177452,15z\/data=!4m2!3m1!1s0x0:0x73f14e030a9505?sa=X&amp;ved=2ahUKEwjfz5yqwPGDAxUNLFkFHSXzCAgQ_BJ6BAgXEAA\" style=\"color: #ffffff;\">43 1st Street, Passaic, NJ 07055<\/a><\/span><\/p>\n<p>[\/et_pb_text][\/et_pb_column][\/et_pb_row][et_pb_row column_structure=&#8221;1_3,1_3,1_3&#8243; _builder_version=&#8221;4.27.4&#8243; _module_preset=&#8221;default&#8221; global_colors_info=&#8221;{}&#8221;][et_pb_column type=&#8221;1_3&#8243; _builder_version=&#8221;4.27.4&#8243; _module_preset=&#8221;default&#8221; global_colors_info=&#8221;{}&#8221;][et_pb_text _builder_version=&#8221;4.27.4&#8243; _module_preset=&#8221;default&#8221; header_font=&#8221;Poppins||||||||&#8221; header_text_color=&#8221;#FFFFFF&#8221; header_font_size=&#8221;21px&#8221; custom_margin=&#8221;16px||19px|||&#8221; global_colors_info=&#8221;{}&#8221;]<\/p>\n<h1>About Us<\/h1>\n<p>[\/et_pb_text][et_pb_text _builder_version=&#8221;4.27.4&#8243; _module_preset=&#8221;default&#8221; header_6_font=&#8221;Poppins|300|||||||&#8221; header_6_text_color=&#8221;#FFFFFF&#8221; header_6_line_height=&#8221;1.4em&#8221; custom_padding=&#8221;|23px||||&#8221; global_colors_info=&#8221;{}&#8221;]<\/p>\n<h6><span class=\"a_GcMg font-feature-liga-off font-feature-clig-off font-feature-calt-off text-decoration-none text-strikethrough-none\">En Freskura, creemos que la frescura no es solo un atributo\u2026 \u00a1es una forma de vida! <\/span><span class=\"a_GcMg font-feature-liga-off font-feature-clig-off font-feature-calt-off text-decoration-none text-strikethrough-none\">Nuestra marca nace con la misi\u00f3n de ofrecer productos aut\u00e9nticos, de calidad superior, que celebran los sabores tradicionales de nuestras ra\u00edces latinas.<\/span><\/h6>\n<p>[\/et_pb_text][\/et_pb_column][et_pb_column type=&#8221;1_3&#8243; _builder_version=&#8221;4.27.4&#8243; _module_preset=&#8221;default&#8221; global_colors_info=&#8221;{}&#8221;][et_pb_text _builder_version=&#8221;4.27.4&#8243; _module_preset=&#8221;default&#8221; header_font=&#8221;Poppins||||||||&#8221; header_text_color=&#8221;#FFFFFF&#8221; header_font_size=&#8221;21px&#8221; custom_margin=&#8221;16px||19px|||&#8221; global_colors_info=&#8221;{}&#8221;]<\/p>\n<h1>Navigation<\/h1>\n<p>[\/et_pb_text][et_pb_text _builder_version=&#8221;4.27.4&#8243; _module_preset=&#8221;default&#8221; text_font=&#8221;Poppins|300|||||||&#8221; text_text_color=&#8221;#FFFFFF&#8221; global_colors_info=&#8221;{}&#8221;]<\/p>\n<p><span>About Us<\/span><br \/><span>Catalog<\/span><br \/><span>Our Products<\/span><br \/><span>Contact Us<\/span><\/p>\n<p>[\/et_pb_text][\/et_pb_column][et_pb_column type=&#8221;1_3&#8243; _builder_version=&#8221;4.27.4&#8243; _module_preset=&#8221;default&#8221; global_colors_info=&#8221;{}&#8221;][et_pb_text _builder_version=&#8221;4.27.4&#8243; _module_preset=&#8221;default&#8221; header_font=&#8221;Poppins||||||||&#8221; header_text_color=&#8221;#FFFFFF&#8221; header_font_size=&#8221;21px&#8221; custom_margin=&#8221;16px||19px|||&#8221; global_colors_info=&#8221;{}&#8221;]<\/p>\n<h1>Business Hours<\/h1>\n<p>[\/et_pb_text][et_pb_text _builder_version=&#8221;4.27.4&#8243; _module_preset=&#8221;default&#8221; text_font=&#8221;Poppins|300|||||||&#8221; text_text_color=&#8221;#FFFFFF&#8221; global_colors_info=&#8221;{}&#8221;]<\/p>\n<p><span>Monday \u2013 7\u202f:30AM\u20136\u202fPM<\/span><br \/><span>Tuesday \u2013 7:30\u202fAM\u20136\u202fPM<\/span><br \/><span>Wednesday \u2013 7:30\u202fAM\u20136\u202fPM<\/span><br \/><span>Thursday 7\u202f:30AM\u20136\u202fPM<\/span><br \/><span>Friday \u2013 7\u202f:30AM\u20136\u202fPM<\/span><br \/><span>Saturday \u2013 7:30\u202fAM\u20134\u202fPM<\/span><br \/><span>Sunday \u2013 CLOSED<\/span><\/p>\n<p>[\/et_pb_text][\/et_pb_column][\/et_pb_row][\/et_pb_section]<\/p>\n","protected":false},"excerpt":{"rendered":"<p>Welcome to Freskura Customer CareGet In Touch with Us (973)458-9399 or visit us 43 1st Street, Passaic, NJ 07055Phone(973) 458-9399Emailinfo@pruebalafreskura.comAddress43 1st Street, Passaic, NJ 07055About UsEn Freskura, creemos que la frescura no es solo un atributo\u2026 \u00a1es una forma de vida! Nuestra marca nace con la misi\u00f3n de ofrecer productos aut\u00e9nticos, de calidad superior, que [&hellip;]<\/p>\n","protected":false},"author":1,"featured_media":0,"parent":0,"menu_order":0,"comment_status":"closed","ping_status":"closed","template":"","meta":{"_et_pb_use_builder":"on","_et_pb_old_content":"","_et_gb_content_width":"","footnotes":""},"class_list":["post-138","page","type-page","status-publish","hentry"],"_links":{"self":[{"href":"https:\/\/pruebalafreskura.com\/index.php?rest_route=\/wp\/v2\/pages\/138","targetHints":{"allow":["GET"]}}],"collection":[{"href":"https:\/\/pruebalafreskura.com\/index.php?rest_route=\/wp\/v2\/pages"}],"about":[{"href":"https:\/\/pruebalafreskura.com\/index.php?rest_route=\/wp\/v2\/types\/page"}],"author":[{"embeddable":true,"href":"https:\/\/pruebalafreskura.com\/index.php?rest_route=\/wp\/v2\/users\/1"}],"replies":[{"embeddable":true,"href":"https:\/\/pruebalafreskura.com\/index.php?rest_route=%2Fwp%2Fv2%2Fcomments&post=138"}],"version-history":[{"count":3,"href":"https:\/\/pruebalafreskura.com\/index.php?rest_route=\/wp\/v2\/pages\/138\/revisions"}],"predecessor-version":[{"id":148,"href":"https:\/\/pruebalafreskura.com\/index.php?rest_route=\/wp\/v2\/pages\/138\/revisions\/148"}],"wp:attachment":[{"href":"https:\/\/pruebalafreskura.com\/index.php?rest_route=%2Fwp%2Fv2%2Fmedia&parent=138"}],"curies":[{"name":"wp","href":"https:\/\/api.w.org\/{rel}","templated":true}]}}